{"id":785,"date":"2019-07-09T13:09:40","date_gmt":"2019-07-09T11:09:40","guid":{"rendered":"https:\/\/tmarecicla.com\/aviso-legal\/"},"modified":"2025-07-11T10:21:24","modified_gmt":"2025-07-11T08:21:24","slug":"aviso-legal","status":"publish","type":"page","link":"https:\/\/tmarecicla.com\/en\/aviso-legal\/","title":{"rendered":"Legal Advisory"},"content":{"rendered":"<div class=\"wpb-content-wrapper\"><p>[vc_row row_type=&#8221;row&#8221; use_row_as_full_screen_section=&#8221;no&#8221; type=&#8221;grid&#8221; text_align=&#8221;left&#8221; background_animation=&#8221;none&#8221; css_animation=&#8221;&#8221;][vc_column][vc_column_text css=&#8221;&#8221;]<strong>AVISO LEGAL<\/strong><\/p>\n<p>De conformidad con lo dispuesto en los art\u00edculos 10 y 11 de la Ley 34\/ 2002, de 11 de julio, de Servicios de la Sociedad de la Informaci\u00f3n y de Comercio Electr\u00f3nico se pone a disposici\u00f3n de los usuarios y visitantes la informaci\u00f3n legal relativa a la Entidad propietaria del sitio web ubicado en la direcci\u00f3n de Internet www.tmarecicla.com<\/p>\n<p><strong><u>TITULAR DE LA P\u00c1GINA WEB<\/u><\/strong><\/p>\n<p>Denominaci\u00f3n social: TMA RECICLA<\/p>\n<p>Direcci\u00f3n de correo electr\u00f3nico: administracion@tmarecicla.com<\/p>\n<p>Para navegar en esta p\u00e1gina web como visitante o para registrarse y poder acceder a los servicios ofrecidos por www.tmarecicla.com, se deber\u00e1n aceptar las siguientes condiciones de servicio y uso de la p\u00e1gina web:<\/p>\n<ol>\n<li>A) El usuario y\/o cliente asume las presentes condiciones generales de servicio.<\/li>\n<li>B) Si el usuario y\/o cliente no aceptan las presentes condiciones, no pueden hacer uso de esta p\u00e1gina web, ni acceder a los servicios que ofrece TMA RECICLA<\/li>\n<\/ol>\n<p>USO CORRECTO DE LA P\u00c1GINA WEB<\/p>\n<ol>\n<li>a) Las presentes Condiciones de Uso regulan el acceso y utilizaci\u00f3n de la p\u00e1gina web www.tamrecicla.com La utilizaci\u00f3n de esta Web le atribuye la condici\u00f3n de usuario desde el acceso e inicio de la navegaci\u00f3n por la misma. Desde el momento de acceso a cualquiera de sus contenidos el usuario acepta de manera expresa las presentes condiciones generales. El usuario acepta las condiciones particulares aplicables de los diferentes servicios que oferta la entidad en la web a la que accede.<\/li>\n<\/ol>\n<ol>\n<li>b) A trav\u00e9s de la p\u00e1gina web, www.calciniberico.com facilita a los Usuarios el acceso y la utilizaci\u00f3n de diversa informaci\u00f3n y servicios.<\/li>\n<\/ol>\n<ol>\n<li>c) El Usuario se compromete a utilizar la p\u00e1gina web de conformidad con la Ley y con lo dispuesto en las presentes Condiciones Generales<\/li>\n<\/ol>\n<ol>\n<li>d) Con car\u00e1cter general, para la prestaci\u00f3n de los servicios y el acceso a la informaci\u00f3n de la p\u00e1gina web, no se exige la previa suscripci\u00f3n o registro de los Usuarios. No obstante, TMA RECICLAcondiciona la utilizaci\u00f3n de algunos de los Servicios, ofertados en la Web, a la previa cumplimentaci\u00f3n del correspondiente registro o formulario de recogida de datos de car\u00e1cter personal del Usuario. El citado registro se efectuar\u00e1 en la forma expresamente indicada en el propio servicio o en las Condiciones Particulares que, en su caso, lo regulen.<\/li>\n<\/ol>\n<ol>\n<li>e) El usuario se obliga a realizar un uso adecuado de los contenidos y servicios de la p\u00e1gina web http:\/\/www.tmarecicla.com<\/li>\n<\/ol>\n<p>MODIFICACIONES<\/p>\n<p>La entidad se reserva el derecho a modificar, unilateralmente, en cualquier momento y sin previo aviso las presentes condiciones. En estos casos se proceder\u00e1 a su publicaci\u00f3n y aviso con la m\u00e1xima antelaci\u00f3n posible. De igual modo, se reserva el derecho a modificar, unilateralmente, en cualquier momento y sin previo aviso, la presentaci\u00f3n y configuraci\u00f3n de la Web.<\/p>\n<p>ENLACES CON TERCEROS<\/p>\n<p>El presente Aviso Legal se refiere \u00fanicamente a la p\u00e1gina web y contenidos de la entidad, y no se aplica a los enlaces o a las p\u00e1ginas web de terceros accesibles a trav\u00e9s de la p\u00e1gina web. La entidad no es responsable del contenido de ninguna de las p\u00e1ginas web de destino de un enlace, ni de ning\u00fan enlace incluido en una p\u00e1gina web a la que se llegue desde la web de la entidad.<\/p>\n<p>PROPIEDAD INTELECTUAL E INDUSTRIAL<\/p>\n<p>Todos los contenidos de la p\u00e1gina Web son titularidad exclusiva de la entidad y, con car\u00e1cter enunciativo, que no limitativo, el dise\u00f1o gr\u00e1fico, c\u00f3digo fuente, logos, textos, gr\u00e1ficos, ilustraciones, fotograf\u00edas, y dem\u00e1s elementos que aparecen en la p\u00e1gina web. As\u00ed mismo los nombres comerciales, marcas o signos distintivos de cualquier clase contenidos en la p\u00e1gina Web est\u00e1n protegidos por la Ley de propiedad intelectual e industrial. Corresponde a la entidad el ejercicio exclusivo de los derechos de explotaci\u00f3n de la propiedad intelectual mencionada, en cualquier forma y, en especial, los derechos de reproducci\u00f3n, distribuci\u00f3n, comunicaci\u00f3n p\u00fablica. El usuario tiene prohibido cualquier uso no consentido total o parcial de cualquiera de los contenidos de la p\u00e1gina web que integran los derechos de propiedad intelectual o industrial de la entidad sobre la p\u00e1gina y\/o sus contenidos.<\/p>\n<p>La entidad se reserva el derecho a realizar cualquier tipo de acci\u00f3n legal contra cualquier usuario que realice una acci\u00f3n que implique reproducci\u00f3n, distribuci\u00f3n, comercializaci\u00f3n, transformaci\u00f3n y, en general, cualquier otra forma de explotaci\u00f3n, por cualquier procedimiento, de todo o parte de los contenidos de la p\u00e1gina Web y que constituya una infracci\u00f3n de los derechos de propiedad intelectual y\/o industrial de la misma.<\/p>\n<p>NOTIFICACIONES<\/p>\n<p>A los efectos de las presentes Condiciones Generales, y para cualquier comunicaci\u00f3n que sea precisa entre la entidad y el Usuario, \u00e9ste \u00faltimo deber\u00e1 hacer uso del correo electr\u00f3nico joseluis@lombardi.es. Las comunicaciones de la entidad al Usuario se realizar\u00e1n conforme a los datos de car\u00e1cter personal aportados por este \u00faltimo al registrarse en la p\u00e1gina web www.tmarecicla.com El Usuario acepta expresamente y para todas las comunicaciones relacionadas con la utilizaci\u00f3n de la p\u00e1gina web y\/o la contrataci\u00f3n de los servicios ofertados en la misma, la utilizaci\u00f3n del correo electr\u00f3nico como procedimiento v\u00e1lido para la remisi\u00f3n de estas comunicaciones.<\/p>\n<p>LEGISLACI\u00d3N APLICABLE SUMISI\u00d3N A FUERO<\/p>\n<p>Las presentes condiciones se regir\u00e1n por la legislaci\u00f3n espa\u00f1ola, que ser\u00e1 de aplicaci\u00f3n en lo no dispuesto en este contrato en materia de interpretaci\u00f3n, validez y ejecuci\u00f3n. Las partes renuncian expresamente al fuero que les pudiera corresponder y someten expresamente a los Juzgados y Tribunales de Palma de Mallorca para resolver cualquier controversia que pueda surgir en la interpretaci\u00f3n o ejecuci\u00f3n de las presentes condiciones contractuales.[\/vc_column_text][\/vc_column][\/vc_row]<\/p>\n<p>[vc_row row_type=&#8221;row&#8221; use_row_as_full_screen_section=&#8221;no&#8221; type=&#8221;grid&#8221; text_align=&#8221;left&#8221; background_color=&#8221;#ffffff&#8221; background_animation=&#8221;none&#8221; css_animation=&#8221;&#8221; css=&#8221;.vc_custom_1721208021514{padding-top: 50px !important;padding-bottom: 50px !important;}&#8221;][vc_column][vc_single_image image=&#8221;627&#8243; img_size=&#8221;full&#8221; alignment=&#8221;center&#8221; css=&#8221;.vc_custom_1721207941704{padding-bottom: 30px !important;}&#8221; qode_css_animation=&#8221;&#8221;][vc_column_text]<br \/>\nEl proyecto \u201cMejora en la gesti\u00f3n de residuos de vidrio encaminado a conseguir una materia prima para la fabricaci\u00f3n de envases de vidrio blanco que sustituya a la arena de s\u00edlice\u201d es beneficiario de la convocatoria de subvenciones para el impulso de la econom\u00eda circular en la empresa para el a\u00f1o 2022 del Ministerio para la Transici\u00f3n Ecol\u00f3gica y el Reto Demogr\u00e1fico (MITECO) en el marco del Plan de Recuperaci\u00f3n, Transformaci\u00f3n y Resiliencia (PRTR) financiado por la Uni\u00f3n Europea \u2013 NextGenerationEU\u201d.<br \/>\n\u201cLas opiniones y documentaci\u00f3n aportadas en esta publicaci\u00f3n son de exclusiva responsabilidad del autor o autores de los mismos, y no reflejan necesariamente los puntos de vista de las entidades que apoyan econ\u00f3micamente el proyecto\u201d.<br \/>\n[\/vc_column_text][\/vc_column][\/vc_row][vc_row row_type=&#8221;row&#8221; use_row_as_full_screen_section=&#8221;no&#8221; type=&#8221;grid&#8221; text_align=&#8221;left&#8221; background_color=&#8221;#ffffff&#8221; background_animation=&#8221;none&#8221; css_animation=&#8221;&#8221; css=&#8221;.vc_custom_1752153378911{padding-top: 50px !important;padding-bottom: 50px !important;background-color: #F4F6F5 !important;}&#8221;][vc_column][vc_single_image image=&#8221;779&#8243; img_size=&#8221;full&#8221; alignment=&#8221;center&#8221; css=&#8221;.vc_custom_1752153482507{padding-bottom: 30px !important;}&#8221; qode_css_animation=&#8221;&#8221;][vc_column_text]TMA Recicla en su compromiso en la lucha del cambio clim\u00e1tico, la mejora de la sostenibilidad y el desarrollo de un reciclaje mas responsable ha implementado diversas actuaciones para la reducci\u00f3n del consumo de energ\u00eda y de las emisiones asociados a la actividad recicladora. Estas actuaciones han sido beneficiarias de una subvenci\u00f3n en l\u00ednea de Ayudas minimis para la concesi\u00f3n de subvenciones para financiar proyectos de mejora de la eficiencia energ\u00e9tica y econom\u00eda circular a establecimientos recicladores, en el marco del Plan de Recuperaci\u00f3n, Transformaci\u00f3n y Resiliencia, financiado por la Uni\u00f3n Europea Next Generation EU.[\/vc_column_text][\/vc_column][\/vc_row]<\/p>\n<\/div>","protected":false},"excerpt":{"rendered":"<p>[vc_row row_type=&#8221;row&#8221; use_row_as_full_screen_section=&#8221;no&#8221; type=&#8221;grid&#8221; text_align=&#8221;left&#8221; background_animation=&#8221;none&#8221; css_animation=&#8221;&#8221;][vc_column][vc_column_text css=&#8221;&#8221;]AVISO LEGAL De conformidad con lo dispuesto en los art\u00edculos 10 y 11 de la Ley 34\/ 2002, de 11 de julio, de Servicios de la Sociedad de la Informaci\u00f3n y de Comercio Electr\u00f3nico se pone a disposici\u00f3n&#8230;<\/p>\n","protected":false},"author":1,"featured_media":0,"parent":0,"menu_order":0,"comment_status":"closed","ping_status":"closed","template":"full_width.php","meta":{"footnotes":""},"class_list":["post-785","page","type-page","status-publish","hentry"],"_links":{"self":[{"href":"https:\/\/tmarecicla.com\/en\/wp-json\/wp\/v2\/pages\/785","targetHints":{"allow":["GET"]}}],"collection":[{"href":"https:\/\/tmarecicla.com\/en\/wp-json\/wp\/v2\/pages"}],"about":[{"href":"https:\/\/tmarecicla.com\/en\/wp-json\/wp\/v2\/types\/page"}],"author":[{"embeddable":true,"href":"https:\/\/tmarecicla.com\/en\/wp-json\/wp\/v2\/users\/1"}],"replies":[{"embeddable":true,"href":"https:\/\/tmarecicla.com\/en\/wp-json\/wp\/v2\/comments?post=785"}],"version-history":[{"count":2,"href":"https:\/\/tmarecicla.com\/en\/wp-json\/wp\/v2\/pages\/785\/revisions"}],"predecessor-version":[{"id":792,"href":"https:\/\/tmarecicla.com\/en\/wp-json\/wp\/v2\/pages\/785\/revisions\/792"}],"wp:attachment":[{"href":"https:\/\/tmarecicla.com\/en\/wp-json\/wp\/v2\/media?parent=785"}],"curies":[{"name":"wp","href":"https:\/\/api.w.org\/{rel}","templated":true}]}}