{"id":810,"date":"2018-09-18T11:24:38","date_gmt":"2018-09-18T09:24:38","guid":{"rendered":"https:\/\/tmarecicla.com\/instalaciones\/"},"modified":"2025-07-11T10:53:01","modified_gmt":"2025-07-11T08:53:01","slug":"instalaciones","status":"publish","type":"page","link":"https:\/\/tmarecicla.com\/en\/instalaciones\/","title":{"rendered":"Facilities"},"content":{"rendered":"<div class=\"wpb-content-wrapper\"><p>[vc_row row_type=&#8221;row&#8221; use_row_as_full_screen_section=&#8221;no&#8221; type=&#8221;full_width&#8221; text_align=&#8221;left&#8221; background_animation=&#8221;none&#8221; css_animation=&#8221;&#8221;][vc_column offset=&#8221;vc_hidden-xs&#8221;][rev_slider_vc alias=&#8221;instalaciones-en&#8221;][\/vc_column][\/vc_row][vc_row row_type=&#8221;row&#8221; use_row_as_full_screen_section=&#8221;no&#8221; type=&#8221;full_width&#8221; text_align=&#8221;left&#8221; background_animation=&#8221;none&#8221; css_animation=&#8221;&#8221; css=&#8221;.vc_custom_1537274993697{margin-top: -60px !important;}&#8221;][vc_column offset=&#8221;vc_hidden-lg vc_hidden-md vc_hidden-sm&#8221;][vc_single_image image=&#8221;413&#8243; img_size=&#8221;full&#8221; alignment=&#8221;center&#8221; qode_css_animation=&#8221;&#8221;][\/vc_column][\/vc_row][vc_row row_type=&#8221;row&#8221; use_row_as_full_screen_section=&#8221;no&#8221; type=&#8221;full_width&#8221; text_align=&#8221;left&#8221; background_animation=&#8221;none&#8221; css_animation=&#8221;&#8221;][vc_column offset=&#8221;vc_hidden-md vc_hidden-sm vc_hidden-xs&#8221;][vc_empty_space height=&#8221;50px&#8221;][\/vc_column][\/vc_row][vc_row row_type=&#8221;row&#8221; use_row_as_full_screen_section=&#8221;no&#8221; type=&#8221;grid&#8221; text_align=&#8221;left&#8221; background_animation=&#8221;none&#8221; css_animation=&#8221;&#8221;][vc_column][vc_empty_space height=&#8221;45px&#8221;][vc_column_text css=&#8221;.vc_custom_1537265212312{padding-right: 15px !important;padding-left: 15px !important;}&#8221;]<\/p>\n<h2>Facilities<\/h2>\n<p>\u00b7\u00b7\u00b7\u00b7\u00b7\u00b7\u00b7\u00b7\u00b7\u00b7\u00b7\u00b7\u00b7\u00b7\u00b7\u00b7\u00b7\u00b7\u00b7\u00b7\u00b7\u00b7\u00b7\u00b7\u00b7\u00b7\u00b7\u00b7\u00b7\u00b7\u00b7\u00b7\u00b7\u00b7\u00b7\u00b7\u00b7\u00b7\u00b7\u00b7\u00b7\u00b7\u00b7\u00b7\u00b7\u00b7\u00b7[\/vc_column_text][\/vc_column][\/vc_row][vc_row row_type=&#8221;row&#8221; use_row_as_full_screen_section=&#8221;no&#8221; type=&#8221;full_width&#8221; text_align=&#8221;left&#8221; background_animation=&#8221;none&#8221; css_animation=&#8221;&#8221; css=&#8221;.vc_custom_1529767081639{background-color: #f3f4f0 !important;}&#8221;][vc_column][vc_empty_space][vc_row_inner row_type=&#8221;row&#8221; type=&#8221;grid&#8221; use_row_as_full_screen_section_slide=&#8221;no&#8221; text_align=&#8221;left&#8221; css_animation=&#8221;&#8221;][vc_column_inner][vc_column_text css=&#8221;.vc_custom_1541671300350{padding-right: 15px !important;padding-left: 15px !important;background-color: #f3f4f0 !important;}&#8221;]<i class=\"fa fa-check\" aria-hidden=\"true\"><\/i> Our facilities have a production capability of 50,000 tons of glass annually.<\/p>\n<hr \/>\n<p><i class=\"fa fa-check\" aria-hidden=\"true\"><\/i> Machinery with state-of-the-art technology for the elimination of the different impurities that appear in the glass to be recycled:<\/p>\n<p><strong>\u2022 Three lines of optical separation, comprised of Picvisa artificial vision machines that grant an excellent quality to the most delicate part of the process.<\/strong><\/p>\n<p><strong>\u2022 Sifting processes to separate by sizes effectively.<\/strong><\/p>\n<p><strong>\u2022 A suction system that eliminates all light elements affecting the process.<\/strong><\/p>\n<p><strong>\u2022 Overbands and Eddy currents that separate all sorts of metals, both ferric and non-ferric.<\/strong><\/p>\n<p><strong>\u2022 Grinders suitable for glass mashing in the different dimensions required.<\/strong><\/p>\n<p><strong>\u2022 Completely computerised production management and control system. <\/strong><\/p>\n<p><strong>\u2022 Lab equipped for the performance of exhaustive quality control.<\/strong><\/p>\n<p><strong>\u2022 Qualified staff, trained on the latest technologies in the sector and aware of the respect for the environment that our activity requires.<\/strong><\/p>\n<hr \/>\n<p>[\/vc_column_text][vc_empty_space height=&#8221;150px&#8221;][\/vc_column_inner][\/vc_row_inner][\/vc_column][\/vc_row][vc_row row_type=&#8221;row&#8221; use_row_as_full_screen_section=&#8221;no&#8221; type=&#8221;full_width&#8221; text_align=&#8221;left&#8221; background_animation=&#8221;none&#8221; css_animation=&#8221;&#8221;][vc_column][vc_gallery type=&#8221;image_grid&#8221; images=&#8221;395,396,397,398,400&#8243; img_size=&#8221;full&#8221; column_number=&#8221;5&#8243; grayscale=&#8221;no&#8221; space_between_images=&#8221;no&#8221;][\/vc_column][\/vc_row][vc_row row_type=&#8221;row&#8221; use_row_as_full_screen_section=&#8221;no&#8221; type=&#8221;grid&#8221; text_align=&#8221;left&#8221; background_color=&#8221;#ffffff&#8221; background_animation=&#8221;none&#8221; css_animation=&#8221;&#8221; css=&#8221;.vc_custom_1721220369609{padding-top: 50px !important;padding-bottom: 50px !important;}&#8221;][vc_column][vc_single_image image=&#8221;634&#8243; img_size=&#8221;full&#8221; alignment=&#8221;center&#8221; qode_css_animation=&#8221;&#8221;][vc_column_text css=&#8221;.vc_custom_1721220325395{padding-top: 50px !important;}&#8221;]El proyecto \u201cMejora en la gesti\u00f3n de residuos de vidrio encaminado a conseguir una materia prima para la fabricaci\u00f3n de envases de vidrio blanco que sustituya a la arena de s\u00edlice\u201d es beneficiario de la convocatoria de subvenciones para el impulso de la econom\u00eda circular en la empresa para el a\u00f1o 2022 del Ministerio para la Transici\u00f3n Ecol\u00f3gica y el Reto Demogr\u00e1fico (MITECO) en el marco del Plan de Recuperaci\u00f3n, Transformaci\u00f3n y Resiliencia (PRTR) financiado por la Uni\u00f3n Europea \u2013 NextGenerationEU\u201d.<\/p>\n<p>\u201cLas opiniones y documentaci\u00f3n aportadas en esta publicaci\u00f3n son de exclusiva responsabilidad del autor o autores de los mismos, y no reflejan necesariamente los puntos de vista de las entidades que apoyan econ\u00f3micamente el proyecto\u201d.[\/vc_column_text][\/vc_column][\/vc_row][vc_row row_type=&#8221;row&#8221; use_row_as_full_screen_section=&#8221;no&#8221; type=&#8221;grid&#8221; text_align=&#8221;left&#8221; background_color=&#8221;#ffffff&#8221; background_animation=&#8221;none&#8221; css_animation=&#8221;&#8221; css=&#8221;.vc_custom_1752153378911{padding-top: 50px !important;padding-bottom: 50px !important;background-color: #F4F6F5 !important;}&#8221;][vc_column][vc_single_image image=&#8221;779&#8243; img_size=&#8221;full&#8221; alignment=&#8221;center&#8221; css=&#8221;.vc_custom_1752153482507{padding-bottom: 30px !important;}&#8221; qode_css_animation=&#8221;&#8221;][vc_column_text]TMA Recicla en su compromiso en la lucha del cambio clim\u00e1tico, la mejora de la sostenibilidad y el desarrollo de un reciclaje mas responsable ha implementado diversas actuaciones para la reducci\u00f3n del consumo de energ\u00eda y de las emisiones asociados a la actividad recicladora. Estas actuaciones han sido beneficiarias de una subvenci\u00f3n en l\u00ednea de Ayudas minimis para la concesi\u00f3n de subvenciones para financiar proyectos de mejora de la eficiencia energ\u00e9tica y econom\u00eda circular a establecimientos recicladores, en el marco del Plan de Recuperaci\u00f3n, Transformaci\u00f3n y Resiliencia, financiado por la Uni\u00f3n Europea Next Generation EU.[\/vc_column_text][\/vc_column][\/vc_row]<\/p>\n<\/div>","protected":false},"excerpt":{"rendered":"<p>[vc_row row_type=&#8221;row&#8221; use_row_as_full_screen_section=&#8221;no&#8221; type=&#8221;full_width&#8221; text_align=&#8221;left&#8221; background_animation=&#8221;none&#8221; css_animation=&#8221;&#8221;][vc_column offset=&#8221;vc_hidden-xs&#8221;][rev_slider_vc alias=&#8221;instalaciones-en&#8221;][\/vc_column][\/vc_row][vc_row row_type=&#8221;row&#8221; use_row_as_full_screen_section=&#8221;no&#8221; type=&#8221;full_width&#8221; text_align=&#8221;left&#8221; background_animation=&#8221;none&#8221; css_animation=&#8221;&#8221; css=&#8221;.vc_custom_1537274993697{margin-top: -60px !important;}&#8221;][vc_column offset=&#8221;vc_hidden-lg vc_hidden-md vc_hidden-sm&#8221;][vc_single_image image=&#8221;413&#8243; img_size=&#8221;full&#8221; alignment=&#8221;center&#8221; qode_css_animation=&#8221;&#8221;][\/vc_column][\/vc_row][vc_row row_type=&#8221;row&#8221; use_row_as_full_screen_section=&#8221;no&#8221; type=&#8221;full_width&#8221; text_align=&#8221;left&#8221; background_animation=&#8221;none&#8221; css_animation=&#8221;&#8221;][vc_column offset=&#8221;vc_hidden-md vc_hidden-sm vc_hidden-xs&#8221;][vc_empty_space height=&#8221;50px&#8221;][\/vc_column][\/vc_row][vc_row row_type=&#8221;row&#8221; use_row_as_full_screen_section=&#8221;no&#8221; type=&#8221;grid&#8221; text_align=&#8221;left&#8221; background_animation=&#8221;none&#8221; css_animation=&#8221;&#8221;][vc_column][vc_empty_space height=&#8221;45px&#8221;][vc_column_text css=&#8221;.vc_custom_1537265212312{padding-right: 15px !important;padding-left:&#8230;<\/p>\n","protected":false},"author":1,"featured_media":0,"parent":0,"menu_order":0,"comment_status":"closed","ping_status":"closed","template":"full_width.php","meta":{"footnotes":""},"class_list":["post-810","page","type-page","status-publish","hentry"],"_links":{"self":[{"href":"https:\/\/tmarecicla.com\/en\/wp-json\/wp\/v2\/pages\/810","targetHints":{"allow":["GET"]}}],"collection":[{"href":"https:\/\/tmarecicla.com\/en\/wp-json\/wp\/v2\/pages"}],"about":[{"href":"https:\/\/tmarecicla.com\/en\/wp-json\/wp\/v2\/types\/page"}],"author":[{"embeddable":true,"href":"https:\/\/tmarecicla.com\/en\/wp-json\/wp\/v2\/users\/1"}],"replies":[{"embeddable":true,"href":"https:\/\/tmarecicla.com\/en\/wp-json\/wp\/v2\/comments?post=810"}],"version-history":[{"count":1,"href":"https:\/\/tmarecicla.com\/en\/wp-json\/wp\/v2\/pages\/810\/revisions"}],"predecessor-version":[{"id":811,"href":"https:\/\/tmarecicla.com\/en\/wp-json\/wp\/v2\/pages\/810\/revisions\/811"}],"wp:attachment":[{"href":"https:\/\/tmarecicla.com\/en\/wp-json\/wp\/v2\/media?parent=810"}],"curies":[{"name":"wp","href":"https:\/\/api.w.org\/{rel}","templated":true}]}}