{"id":825,"date":"2018-06-24T11:14:49","date_gmt":"2018-06-24T09:14:49","guid":{"rendered":"https:\/\/tmarecicla.com\/contacto\/"},"modified":"2025-07-11T11:05:52","modified_gmt":"2025-07-11T09:05:52","slug":"contacto","status":"publish","type":"page","link":"https:\/\/tmarecicla.com\/en\/contacto\/","title":{"rendered":"Contact"},"content":{"rendered":"<div class=\"wpb-content-wrapper\"><p>[vc_row row_type=&#8221;row&#8221; use_row_as_full_screen_section=&#8221;no&#8221; type=&#8221;full_width&#8221; text_align=&#8221;left&#8221; background_animation=&#8221;none&#8221; css_animation=&#8221;&#8221; css=&#8221;.vc_custom_1497348957515{margin-top: 0px !important;background-color: #edeef0 !important;}&#8221;][vc_column offset=&#8221;vc_hidden-md&#8221;][vc_single_image image=&#8221;424&#8243; img_size=&#8221;full&#8221; alignment=&#8221;center&#8221; qode_css_animation=&#8221;&#8221;][\/vc_column][\/vc_row][vc_row row_type=&#8221;row&#8221; use_row_as_full_screen_section=&#8221;no&#8221; type=&#8221;full_width&#8221; text_align=&#8221;left&#8221; background_animation=&#8221;none&#8221; css_animation=&#8221;&#8221;][vc_column offset=&#8221;vc_hidden-md vc_hidden-sm vc_hidden-xs&#8221;][vc_empty_space][\/vc_column][\/vc_row][vc_row row_type=&#8221;row&#8221; use_row_as_full_screen_section=&#8221;no&#8221; type=&#8221;grid&#8221; text_align=&#8221;left&#8221; background_animation=&#8221;none&#8221; css_animation=&#8221;&#8221;][vc_column width=&#8221;1\/2&#8243;][vc_row_inner row_type=&#8221;row&#8221; type=&#8221;full_width&#8221; use_row_as_full_screen_section_slide=&#8221;no&#8221; text_align=&#8221;left&#8221; css_animation=&#8221;&#8221;][vc_column_inner el_class=&#8221;jal&#8221;][vc_column_text css=&#8221;.vc_custom_1537271323552{margin-top: 32px !important;padding-top: 10px !important;padding-right: 5px !important;padding-bottom: 10px !important;padding-left: 20px !important;background-color: #1a554c !important;}&#8221;]<\/p>\n<h2 style=\"color: #fff; line\u00b4-height: 0px;\">Central Office<\/h2>\n<p>[\/vc_column_text][vc_empty_space css=&#8221;.vc_custom_1537271523271{background-color: #f7f7f8 !important;}&#8221;][vc_column_text css=&#8221;.vc_custom_1563180819879{padding-right: 10px !important;padding-bottom: 20px !important;padding-left: 10px !important;background-color: #f7f7f8 !important;}&#8221;]<i class=\"fa fa-map-marker\"><\/i> C\/. Fonoll, 28 &#8211; Pol\u00edgono Industrial Ses Veles<br \/>\n07110 Bunyola, Balearic Islands<\/p>\n<hr \/>\n<p><i class=\"fa fa-phone\" aria-hidden=\"true\"><\/i> 971 127 091<\/p>\n<hr \/>\n<p><i class=\"fa fa-fax\" aria-hidden=\"true\"><\/i> 971 127 091<\/p>\n<hr \/>\n<p><i class=\"fa fa-envelope\" aria-hidden=\"true\"><\/i> reciclatges@tmarecicla.com<\/p>\n<hr \/>\n<p>[\/vc_column_text][vc_column_text css=&#8221;.vc_custom_1541672649973{padding-top: 20px !important;padding-right: 10px !important;padding-bottom: 20px !important;padding-left: 10px !important;background-color: #f7f7f8 !important;}&#8221;]<\/p>\n<h4><i class=\"fa fa-map-marker\"><\/i> See on\u00a0<u><a href=\"https:\/\/www.google.es\/maps\/place\/TM+Alcudia+Reciclatges\/@39.653863,2.6892973,17z\/data=!4m12!1m6!3m5!1s0x1297ec848d31ccb9:0x26d19b1bfef6b926!2sEs+Desgu%C3%A0s!8m2!3d39.653863!4d2.691486!3m4!1s0x1297ec849df67c9b:0xcf020291f8f436c0!8m2!3d39.653327!4d2.6934079\" target=\"_blank\" rel=\"noopener\">Google Maps<\/a><\/u><\/h4>\n<hr \/>\n<p>[\/vc_column_text][\/vc_column_inner][\/vc_row_inner][\/vc_column][vc_column width=&#8221;1\/2&#8243;][vc_row_inner row_type=&#8221;row&#8221; type=&#8221;full_width&#8221; use_row_as_full_screen_section_slide=&#8221;no&#8221; text_align=&#8221;left&#8221; css_animation=&#8221;&#8221;][vc_column_inner el_class=&#8221;jal&#8221;][vc_column_text css=&#8221;.vc_custom_1541672668232{margin-top: 32px !important;padding-top: 10px !important;padding-right: 5px !important;padding-bottom: 10px !important;padding-left: 20px !important;background-color: #1a554c !important;}&#8221;]<\/p>\n<h2 style=\"color: #fff; line\u00b4-height: 0px;\">Work with us<\/h2>\n<p>[\/vc_column_text][vc_column_text css=&#8221;.vc_custom_1532452918698{padding-top: 20px !important;padding-right: 20px !important;padding-bottom: 20px !important;padding-left: 20px !important;background-color: #f7f7f8 !important;}&#8221;]\n<div class=\"wpcf7 no-js\" id=\"wpcf7-f348-o1\" lang=\"es-ES\" dir=\"ltr\" data-wpcf7-id=\"348\">\n<div class=\"screen-reader-response\"><p role=\"status\" aria-live=\"polite\" aria-atomic=\"true\"><\/p> <ul><\/ul><\/div>\n<form action=\"\/en\/wp-json\/wp\/v2\/pages\/825#wpcf7-f348-o1\" method=\"post\" class=\"wpcf7-form init\" aria-label=\"Contact form\" enctype=\"multipart\/form-data\" novalidate=\"novalidate\" data-status=\"init\">\n<fieldset class=\"hidden-fields-container\"><input type=\"hidden\" name=\"_wpcf7\" value=\"348\" \/><input type=\"hidden\" name=\"_wpcf7_version\" value=\"6.1.5\" \/><input type=\"hidden\" name=\"_wpcf7_locale\" value=\"es_ES\" \/><input type=\"hidden\" name=\"_wpcf7_unit_tag\" value=\"wpcf7-f348-o1\" \/><input type=\"hidden\" name=\"_wpcf7_container_post\" value=\"0\" \/><input type=\"hidden\" name=\"_wpcf7_posted_data_hash\" value=\"\" \/><input type=\"hidden\" name=\"_wpcf7_recaptcha_response\" value=\"\" \/>\n<\/fieldset>\n<p><label> Your name and surname (required)<br \/>\n<span class=\"wpcf7-form-control-wrap\" data-name=\"your-name\"><input size=\"40\" maxlength=\"400\" class=\"wpcf7-form-control wpcf7-text wpcf7-validates-as-required\" aria-required=\"true\" aria-invalid=\"false\" value=\"\" type=\"text\" name=\"your-name\" \/><\/span> <\/label>\n<\/p>\n<p><label> Your email (required)<br \/>\n<span class=\"wpcf7-form-control-wrap\" data-name=\"your-email\"><input size=\"40\" maxlength=\"400\" class=\"wpcf7-form-control wpcf7-email wpcf7-validates-as-required wpcf7-text wpcf7-validates-as-email\" aria-required=\"true\" aria-invalid=\"false\" value=\"\" type=\"email\" name=\"your-email\" \/><\/span> <\/label>\n<\/p>\n<p><label> Message<br \/>\n<span class=\"wpcf7-form-control-wrap\" data-name=\"your-message\"><textarea cols=\"40\" rows=\"10\" maxlength=\"2000\" class=\"wpcf7-form-control wpcf7-textarea\" aria-invalid=\"false\" name=\"your-message\"><\/textarea><\/span> <\/label>\n<\/p>\n<p><label> Attach your C.V.(Pdf)<br \/>\n<span class=\"wpcf7-form-control-wrap\" data-name=\"file-110\"><input size=\"40\" class=\"wpcf7-form-control wpcf7-file\" accept=\".pdf\" aria-invalid=\"false\" type=\"file\" name=\"file-110\" \/><\/span> <\/label>\n<\/p>\n<p><span id=\"wpcf7-69eddeb48fc0c-wrapper\" class=\"wpcf7-form-control-wrap honeypot-452-wrap\" style=\"display:none !important; visibility:hidden !important;\"><label for=\"wpcf7-69eddeb48fc0c-field\" class=\"hp-message\">Por favor, deja este campo vac\u00edo.<\/label><input id=\"wpcf7-69eddeb48fc0c-field\"  class=\"wpcf7-form-control wpcf7-text\" type=\"text\" name=\"honeypot-452\" value=\"\" size=\"40\" tabindex=\"-1\" autocomplete=\"new-password\" \/><\/span><br \/>\n<br \/>\n<input class=\"wpcf7-form-control wpcf7-submit has-spinner\" type=\"submit\" value=\"Send\" \/><br \/>\n<span class=\"wpcf7-form-control-wrap\" data-name=\"acceptance-681\"><span class=\"wpcf7-form-control wpcf7-acceptance\"><span class=\"wpcf7-list-item\"><input type=\"checkbox\" name=\"acceptance-681\" value=\"1\" aria-invalid=\"false\" \/><\/span><\/span><\/span>\n\t<font size=\"1\">I accept the <a href=\"http:\/\/tmarecicla.com\/en\/politica-privacidad\/\"><u>Privacy Policy.<\/u><\/a>\n\t<\/font>\n<\/p><div class=\"wpcf7-response-output\" aria-hidden=\"true\"><\/div>\n<\/form>\n<\/div>\n[\/vc_column_text][\/vc_column_inner][\/vc_row_inner][\/vc_column][\/vc_row][vc_row row_type=&#8221;row&#8221; use_row_as_full_screen_section=&#8221;no&#8221; type=&#8221;full_width&#8221; text_align=&#8221;left&#8221; background_animation=&#8221;none&#8221; css_animation=&#8221;&#8221;][vc_column][vc_empty_space height=&#8221;40px&#8221;][\/vc_column][\/vc_row][vc_row row_type=&#8221;row&#8221; use_row_as_full_screen_section=&#8221;no&#8221; type=&#8221;full_width&#8221; text_align=&#8221;left&#8221; background_animation=&#8221;none&#8221; css_animation=&#8221;&#8221;][vc_column][vc_empty_space height=&#8221;100px&#8221;][\/vc_column][\/vc_row][vc_row row_type=&#8221;row&#8221; use_row_as_full_screen_section=&#8221;no&#8221; type=&#8221;grid&#8221; text_align=&#8221;left&#8221; background_color=&#8221;#ffffff&#8221; background_animation=&#8221;none&#8221; css_animation=&#8221;&#8221; css=&#8221;.vc_custom_1721208021514{padding-top: 50px !important;padding-bottom: 50px !important;}&#8221;][vc_column][vc_single_image image=&#8221;627&#8243; img_size=&#8221;full&#8221; alignment=&#8221;center&#8221; css=&#8221;.vc_custom_1721207941704{padding-bottom: 30px !important;}&#8221; qode_css_animation=&#8221;&#8221;][vc_column_text]<br \/>\nEl proyecto \u201cMejora en la gesti\u00f3n de residuos de vidrio encaminado a conseguir una materia prima para la fabricaci\u00f3n de envases de vidrio blanco que sustituya a la arena de s\u00edlice\u201d es beneficiario de la convocatoria de subvenciones para el impulso de la econom\u00eda circular en la empresa para el a\u00f1o 2022 del Ministerio para la Transici\u00f3n Ecol\u00f3gica y el Reto Demogr\u00e1fico (MITECO) en el marco del Plan de Recuperaci\u00f3n, Transformaci\u00f3n y Resiliencia (PRTR) financiado por la Uni\u00f3n Europea \u2013 NextGenerationEU\u201d.<br \/>\n\u201cLas opiniones y documentaci\u00f3n aportadas en esta publicaci\u00f3n son de exclusiva responsabilidad del autor o autores de los mismos, y no reflejan necesariamente los puntos de vista de las entidades que apoyan econ\u00f3micamente el proyecto\u201d.<br \/>\n[\/vc_column_text][\/vc_column][\/vc_row][vc_row row_type=&#8221;row&#8221; use_row_as_full_screen_section=&#8221;no&#8221; type=&#8221;grid&#8221; text_align=&#8221;left&#8221; background_color=&#8221;#ffffff&#8221; background_animation=&#8221;none&#8221; css_animation=&#8221;&#8221; css=&#8221;.vc_custom_1752153378911{padding-top: 50px !important;padding-bottom: 50px !important;background-color: #F4F6F5 !important;}&#8221;][vc_column][vc_single_image image=&#8221;779&#8243; img_size=&#8221;full&#8221; alignment=&#8221;center&#8221; css=&#8221;.vc_custom_1752153482507{padding-bottom: 30px !important;}&#8221; qode_css_animation=&#8221;&#8221;][vc_column_text]TMA Recicla en su compromiso en la lucha del cambio clim\u00e1tico, la mejora de la sostenibilidad y el desarrollo de un reciclaje mas responsable ha implementado diversas actuaciones para la reducci\u00f3n del consumo de energ\u00eda y de las emisiones asociados a la actividad recicladora. Estas actuaciones han sido beneficiarias de una subvenci\u00f3n en l\u00ednea de Ayudas minimis para la concesi\u00f3n de subvenciones para financiar proyectos de mejora de la eficiencia energ\u00e9tica y econom\u00eda circular a establecimientos recicladores, en el marco del Plan de Recuperaci\u00f3n, Transformaci\u00f3n y Resiliencia, financiado por la Uni\u00f3n Europea Next Generation EU.[\/vc_column_text][\/vc_column][\/vc_row]<\/p>\n<\/div>","protected":false},"excerpt":{"rendered":"<p>[vc_row row_type=&#8221;row&#8221; use_row_as_full_screen_section=&#8221;no&#8221; type=&#8221;full_width&#8221; text_align=&#8221;left&#8221; background_animation=&#8221;none&#8221; css_animation=&#8221;&#8221; css=&#8221;.vc_custom_1497348957515{margin-top: 0px !important;background-color: #edeef0 !important;}&#8221;][vc_column offset=&#8221;vc_hidden-md&#8221;][vc_single_image image=&#8221;424&#8243; img_size=&#8221;full&#8221; alignment=&#8221;center&#8221; qode_css_animation=&#8221;&#8221;][\/vc_column][\/vc_row][vc_row row_type=&#8221;row&#8221; use_row_as_full_screen_section=&#8221;no&#8221; type=&#8221;full_width&#8221; text_align=&#8221;left&#8221; background_animation=&#8221;none&#8221; css_animation=&#8221;&#8221;][vc_column offset=&#8221;vc_hidden-md vc_hidden-sm vc_hidden-xs&#8221;][vc_empty_space][\/vc_column][\/vc_row][vc_row row_type=&#8221;row&#8221; use_row_as_full_screen_section=&#8221;no&#8221; type=&#8221;grid&#8221; text_align=&#8221;left&#8221; background_animation=&#8221;none&#8221; css_animation=&#8221;&#8221;][vc_column width=&#8221;1\/2&#8243;][vc_row_inner row_type=&#8221;row&#8221; type=&#8221;full_width&#8221; use_row_as_full_screen_section_slide=&#8221;no&#8221; text_align=&#8221;left&#8221; css_animation=&#8221;&#8221;][vc_column_inner el_class=&#8221;jal&#8221;][vc_column_text css=&#8221;.vc_custom_1537271323552{margin-top: 32px !important;padding-top: 10px !important;padding-right: 5px&#8230;<\/p>\n","protected":false},"author":1,"featured_media":0,"parent":0,"menu_order":0,"comment_status":"closed","ping_status":"closed","template":"full_width.php","meta":{"footnotes":""},"class_list":["post-825","page","type-page","status-publish","hentry"],"_links":{"self":[{"href":"https:\/\/tmarecicla.com\/en\/wp-json\/wp\/v2\/pages\/825","targetHints":{"allow":["GET"]}}],"collection":[{"href":"https:\/\/tmarecicla.com\/en\/wp-json\/wp\/v2\/pages"}],"about":[{"href":"https:\/\/tmarecicla.com\/en\/wp-json\/wp\/v2\/types\/page"}],"author":[{"embeddable":true,"href":"https:\/\/tmarecicla.com\/en\/wp-json\/wp\/v2\/users\/1"}],"replies":[{"embeddable":true,"href":"https:\/\/tmarecicla.com\/en\/wp-json\/wp\/v2\/comments?post=825"}],"version-history":[{"count":1,"href":"https:\/\/tmarecicla.com\/en\/wp-json\/wp\/v2\/pages\/825\/revisions"}],"predecessor-version":[{"id":826,"href":"https:\/\/tmarecicla.com\/en\/wp-json\/wp\/v2\/pages\/825\/revisions\/826"}],"wp:attachment":[{"href":"https:\/\/tmarecicla.com\/en\/wp-json\/wp\/v2\/media?parent=825"}],"curies":[{"name":"wp","href":"https:\/\/api.w.org\/{rel}","templated":true}]}}