{"id":835,"date":"2018-09-28T15:08:57","date_gmt":"2018-09-28T13:08:57","guid":{"rendered":"https:\/\/tmarecicla.com\/cookie-policy\/"},"modified":"2025-07-11T11:21:15","modified_gmt":"2025-07-11T09:21:15","slug":"cookie-policy","status":"publish","type":"page","link":"https:\/\/tmarecicla.com\/en\/cookie-policy\/","title":{"rendered":"Cookie Policy"},"content":{"rendered":"<div class=\"wpb-content-wrapper\"><p>[vc_row row_type=&#8221;row&#8221; use_row_as_full_screen_section=&#8221;no&#8221; type=&#8221;grid&#8221; text_align=&#8221;left&#8221; background_animation=&#8221;none&#8221; css_animation=&#8221;&#8221;][vc_column][vc_column_text css=&#8221;&#8221;]Cookie Policy<\/p>\n<p>In compliance with the provisions of Article 22.2 of Law 34\/2002, of July 11, on Information Society Services and Electronic Commerce, this website informs you, in this section, about its cookie collection and processing policy.<\/p>\n<p>WHAT ARE COOKIES?<\/p>\n<p>A cookie is a file that is downloaded to your computer when you access certain web pages. Cookies allow a website, among other things, to store and retrieve information about the browsing habits of a user or their device and, depending on the information they contain and the way they use their device, they can be used to recognize the user.<\/p>\n<p>WHAT TYPES OF COOKIES DOES THIS WEBSITE USE?<\/p>\n<p>This website uses the following types of cookies:<\/p>\n<p>Analytical cookies: These are cookies that, whether processed by us or by third parties, allow us to quantify the number of users and thus perform statistical measurements and analysis of how users use the service offered. To do this, we analyze your browsing on our website in order to improve the range of products or services we offer.<\/p>\n<p>Technical cookies: These are cookies that allow the user to navigate through the restricted area and use its various functions, such as completing the purchase process for an item.<\/p>\n<p>Personalization cookies: These cookies allow the user to access the service with certain predefined general characteristics based on a series of criteria on the user&#8217;s device, such as the language or the type of browser used to connect to the service.<\/p>\n<p>DISABLE COOKIES.<\/p>\n<p>You can allow, block, or delete cookies installed on your device by configuring the options of the browser installed on your computer.<\/p>\n<p>Most web browsers offer the option to allow, block, or delete cookies installed on your device.<\/p>\n<p>Below, you can access the settings for the most common web browsers to accept, install, or disable cookies:<\/p>\n<p>Configure cookies in Google Chrome<\/p>\n<p>Configure cookies in Microsoft Internet Explorer<\/p>\n<p>Configure cookies in Mozilla Firefox<\/p>\n<p>Configure cookies in Safari (Apple)<\/p>\n<p>THIRD-PARTY COOKIES.<\/p>\n<p>This website uses third-party services to collect information for statistical purposes and website usage. DoubleClick cookies are used to improve the advertising included on the website. They are used to target advertising based on content that is relevant to a user, thereby improving the quality of the user experience.<\/p>\n<p>Specifically, we use Google Adsense and Google Analytics for our statistics and advertising. Some cookies are essential for the site to function, such as the built-in search engine.<\/p>\n<p>Our site includes other features provided by third parties. You can easily share content on social networks like Facebook, Twitter, or Google+ using the buttons we have included for this purpose.<\/p>\n<p>WARNING ABOUT DELETING COOKIES.<\/p>\n<p>You can delete and block all cookies from this site, but parts of the site will not work or the quality of the website may be affected.<\/p>\n<p>If you have any questions about our cookie policy, you can contact this website through our Contact channels.[\/vc_column_text][\/vc_column][\/vc_row][vc_row row_type=&#8221;row&#8221; use_row_as_full_screen_section=&#8221;no&#8221; type=&#8221;grid&#8221; text_align=&#8221;left&#8221; background_color=&#8221;#ffffff&#8221; background_animation=&#8221;none&#8221; css_animation=&#8221;&#8221; css=&#8221;.vc_custom_1721208021514{padding-top: 50px !important;padding-bottom: 50px !important;}&#8221;][vc_column][vc_single_image image=&#8221;627&#8243; img_size=&#8221;full&#8221; alignment=&#8221;center&#8221; css=&#8221;.vc_custom_1721207941704{padding-bottom: 30px !important;}&#8221; qode_css_animation=&#8221;&#8221;][vc_column_text]<br \/>\nEl proyecto \u201cMejora en la gesti\u00f3n de residuos de vidrio encaminado a conseguir una materia prima para la fabricaci\u00f3n de envases de vidrio blanco que sustituya a la arena de s\u00edlice\u201d es beneficiario de la convocatoria de subvenciones para el impulso de la econom\u00eda circular en la empresa para el a\u00f1o 2022 del Ministerio para la Transici\u00f3n Ecol\u00f3gica y el Reto Demogr\u00e1fico (MITECO) en el marco del Plan de Recuperaci\u00f3n, Transformaci\u00f3n y Resiliencia (PRTR) financiado por la Uni\u00f3n Europea \u2013 NextGenerationEU\u201d.<br \/>\n\u201cLas opiniones y documentaci\u00f3n aportadas en esta publicaci\u00f3n son de exclusiva responsabilidad del autor o autores de los mismos, y no reflejan necesariamente los puntos de vista de las entidades que apoyan econ\u00f3micamente el proyecto\u201d.<br \/>\n[\/vc_column_text][\/vc_column][\/vc_row][vc_row row_type=&#8221;row&#8221; use_row_as_full_screen_section=&#8221;no&#8221; type=&#8221;grid&#8221; text_align=&#8221;left&#8221; background_color=&#8221;#ffffff&#8221; background_animation=&#8221;none&#8221; css_animation=&#8221;&#8221; css=&#8221;.vc_custom_1752153378911{padding-top: 50px !important;padding-bottom: 50px !important;background-color: #F4F6F5 !important;}&#8221;][vc_column][vc_single_image image=&#8221;779&#8243; img_size=&#8221;full&#8221; alignment=&#8221;center&#8221; css=&#8221;.vc_custom_1752153482507{padding-bottom: 30px !important;}&#8221; qode_css_animation=&#8221;&#8221;][vc_column_text]TMA Recicla en su compromiso en la lucha del cambio clim\u00e1tico, la mejora de la sostenibilidad y el desarrollo de un reciclaje mas responsable ha implementado diversas actuaciones para la reducci\u00f3n del consumo de energ\u00eda y de las emisiones asociados a la actividad recicladora. Estas actuaciones han sido beneficiarias de una subvenci\u00f3n en l\u00ednea de Ayudas minimis para la concesi\u00f3n de subvenciones para financiar proyectos de mejora de la eficiencia energ\u00e9tica y econom\u00eda circular a establecimientos recicladores, en el marco del Plan de Recuperaci\u00f3n, Transformaci\u00f3n y Resiliencia, financiado por la Uni\u00f3n Europea Next Generation EU.[\/vc_column_text][\/vc_column][\/vc_row]<\/p>\n<\/div>","protected":false},"excerpt":{"rendered":"<p>[vc_row row_type=&#8221;row&#8221; use_row_as_full_screen_section=&#8221;no&#8221; type=&#8221;grid&#8221; text_align=&#8221;left&#8221; background_animation=&#8221;none&#8221; css_animation=&#8221;&#8221;][vc_column][vc_column_text css=&#8221;&#8221;]Cookie Policy In compliance with the provisions of Article 22.2 of Law 34\/2002, of July 11, on Information Society Services and Electronic Commerce, this website informs you, in this section, about its cookie collection and processing policy. WHAT&#8230;<\/p>\n","protected":false},"author":1,"featured_media":0,"parent":0,"menu_order":0,"comment_status":"closed","ping_status":"closed","template":"full_width.php","meta":{"footnotes":""},"class_list":["post-835","page","type-page","status-publish","hentry"],"_links":{"self":[{"href":"https:\/\/tmarecicla.com\/en\/wp-json\/wp\/v2\/pages\/835","targetHints":{"allow":["GET"]}}],"collection":[{"href":"https:\/\/tmarecicla.com\/en\/wp-json\/wp\/v2\/pages"}],"about":[{"href":"https:\/\/tmarecicla.com\/en\/wp-json\/wp\/v2\/types\/page"}],"author":[{"embeddable":true,"href":"https:\/\/tmarecicla.com\/en\/wp-json\/wp\/v2\/users\/1"}],"replies":[{"embeddable":true,"href":"https:\/\/tmarecicla.com\/en\/wp-json\/wp\/v2\/comments?post=835"}],"version-history":[{"count":3,"href":"https:\/\/tmarecicla.com\/en\/wp-json\/wp\/v2\/pages\/835\/revisions"}],"predecessor-version":[{"id":840,"href":"https:\/\/tmarecicla.com\/en\/wp-json\/wp\/v2\/pages\/835\/revisions\/840"}],"wp:attachment":[{"href":"https:\/\/tmarecicla.com\/en\/wp-json\/wp\/v2\/media?parent=835"}],"curies":[{"name":"wp","href":"https:\/\/api.w.org\/{rel}","templated":true}]}}